{"id":116,"date":"2024-09-03T11:30:17","date_gmt":"2024-09-03T09:30:17","guid":{"rendered":"https:\/\/www.heilmannsoftware.com\/?page_id=116"},"modified":"2025-10-28T17:04:52","modified_gmt":"2025-10-28T16:04:52","slug":"jobs","status":"publish","type":"page","link":"https:\/\/www.heilmannsoftware.com\/de\/jobs\/","title":{"rendered":"Jobs"},"content":{"rendered":"<div class=\"wpb-content-wrapper\"><p>[vc_row css=&#8220;.vc_custom_1734700683292{padding-top: 80px !important;}&#8220;][vc_column width=&#8220;2\/3&#8243;][vc_custom_heading text=&#8220;Jobs bei Heilmann Software&#8220; font_container=&#8220;tag:h1|text_align:left&#8220; use_theme_fonts=&#8220;yes&#8220; css=&#8220;&#8220;][vc_column_text css=&#8220;&#8220;]<\/p>\n<p dir=\"auto\"><a href=\"https:\/\/www.heilmannsoftware.com\/de\/about\/\">Unser kleines, dynamisches Team<\/a> arbeitet mit Leidenschaft und Engagement daran, innovative Software zu entwickeln, die unsere Kunden begeistert. Mit Kreativit\u00e4t und viel Herzblut setzen wir Ideen in die Tat um, stellen uns neuen Herausforderungen und wachsen durch unsere besondere Arbeitsweise stetig als Team.<\/p>\n<p dir=\"auto\">Unsere Karrierem\u00f6glichkeiten richten sich nach deinem Leben. Unsere Vision ist es, talentierte Menschen zu ermutigen, ihre beruflichen Ziele zu verfolgen, ohne pers\u00f6nliche Priorit\u00e4ten aus den Augen zu verlieren. In einem flexiblen und wertsch\u00e4tzenden Umfeld kann jeder im Team die eigenen St\u00e4rken entfalten und sich kontinuierlich weiterentwickeln.<\/p>\n<p>[\/vc_column_text][\/vc_column][vc_column width=&#8220;1\/3&#8243;][\/vc_column][\/vc_row][vc_row][vc_column width=&#8220;2\/3&#8243;]<div class=\"ult-spacer spacer-69e2189f689b3\" data-id=\"69e2189f689b3\" data-height=\"50\" data-height-mobile=\"30\" data-height-tab=\"30\" data-height-tab-portrait=\"30\" data-height-mobile-landscape=\"30\" style=\"clear:both;display:block;\"><\/div>[vc_custom_heading text=&#8220;Wen wir suchen.&#8220; font_container=&#8220;tag:h1|text_align:left&#8220; use_theme_fonts=&#8220;yes&#8220; css=&#8220;&#8220;][vc_column_text css=&#8220;&#8220;]<\/p>\n<p dir=\"auto\">Wir suchen Menschen, die nicht in einem gro\u00dfen Konzern, sondern in einem individuellen Umfeld zu Hause sind \u2013 klein, aber fein, das sind wir. Wir wissen, dass es viele Gr\u00fcnde f\u00fcr einen beruflichen Neustart gibt: neue Perspektiven, der Wunsch nach Wertsch\u00e4tzung oder ein positives Arbeitsklima. Bei uns findest du Raum zur pers\u00f6nlichen Entfaltung und die Chance, deine Arbeit mit echtem Sinn zu verbinden.<\/p>\n<p dir=\"auto\">Unser Hauptsitz ist im sch\u00f6nen Stuttgart, weitere Mitarbeiter verteilen sich aber auf ganz Deutschland. Deshalb freuen wir uns \u00fcber Bewerbungen aus allen Regionen. Unsere Teams sind alle vollst\u00e4ndig remote f\u00e4hig. Wir bevorzugen einen Mix aus synchroner und asynchroner Kommunikation, je nach Projekt und angepasst an die jeweiligen Herausforderungen.<\/p>\n<p>[\/vc_column_text]<div class=\"ult-spacer spacer-69e2189f689f1\" data-id=\"69e2189f689f1\" data-height=\"50\" data-height-mobile=\"30\" data-height-tab=\"30\" data-height-tab-portrait=\"30\" data-height-mobile-landscape=\"30\" style=\"clear:both;display:block;\"><\/div>[\/vc_column][vc_column width=&#8220;1\/3&#8243;][\/vc_column][\/vc_row][vc_row disable_element=&#8220;yes&#8220;][vc_column][vc_basic_grid post_type=&#8220;job&#8220; max_items=&#8220;10&#8243; element_width=&#8220;6&#8243; order=&#8220;ASC&#8220; item=&#8220;262&#8243; css=&#8220;&#8220; grid_id=&#8220;vc_gid:1761667460016-90259cb5-e3b5-0&#8243;]<div class=\"ult-spacer spacer-69e2189f68a19\" data-id=\"69e2189f68a19\" data-height=\"50\" data-height-mobile=\"30\" data-height-tab=\"30\" data-height-tab-portrait=\"30\" data-height-mobile-landscape=\"30\" style=\"clear:both;display:block;\"><\/div>[\/vc_column][\/vc_row][vc_row][vc_column]<div class=\"ult-spacer spacer-69e2189f68a3d\" data-id=\"69e2189f68a3d\" data-height=\"50\" data-height-mobile=\"30\" data-height-tab=\"30\" data-height-tab-portrait=\"30\" data-height-mobile-landscape=\"30\" style=\"clear:both;display:block;\"><\/div>[vc_masonry_grid post_type=&#8220;job&#8220; max_items=&#8220;6&#8243; element_width=&#8220;6&#8243; orderby=&#8220;title&#8220; order=&#8220;ASC&#8220; item=&#8220;262&#8243; css=&#8220;&#8220; grid_id=&#8220;vc_gid:1761667460017-105a78f2-30a4-7&#8243;]<div class=\"ult-spacer spacer-69e2189f68a5e\" data-id=\"69e2189f68a5e\" data-height=\"50\" data-height-mobile=\"30\" data-height-tab=\"30\" data-height-tab-portrait=\"30\" data-height-mobile-landscape=\"30\" style=\"clear:both;display:block;\"><\/div>[\/vc_column][\/vc_row]<\/p>\n<\/div>","protected":false},"excerpt":{"rendered":"<p>[vc_row css=&#8220;.vc_custom_1734700683292{padding-top: 80px !important;}&#8220;][vc_column width=&#8220;2\/3&#8243;][vc_custom_heading text=&#8220;Jobs bei Heilmann Software&#8220; font_container=&#8220;tag:h1|text_align:left&#8220; use_theme_fonts=&#8220;yes&#8220; css=&#8220;&#8220;][vc_column_text css=&#8220;&#8220;] Unser kleines, dynamisches Team arbeitet mit Leidenschaft und Engagement daran, innovative Software zu entwickeln, die unsere Kunden begeistert. Mit Kreativit\u00e4t und viel Herzblut setzen wir Ideen in die Tat um, stellen uns neuen Herausforderungen und wachsen durch unsere besondere Arbeitsweise stetig als [&hellip;]<\/p>\n","protected":false},"author":1,"featured_media":0,"parent":0,"menu_order":0,"comment_status":"closed","ping_status":"closed","template":"page.php","meta":{"footnotes":""},"class_list":["post-116","page","type-page","status-publish","hentry"],"_links":{"self":[{"href":"https:\/\/www.heilmannsoftware.com\/de\/wp-json\/wp\/v2\/pages\/116","targetHints":{"allow":["GET"]}}],"collection":[{"href":"https:\/\/www.heilmannsoftware.com\/de\/wp-json\/wp\/v2\/pages"}],"about":[{"href":"https:\/\/www.heilmannsoftware.com\/de\/wp-json\/wp\/v2\/types\/page"}],"author":[{"embeddable":true,"href":"https:\/\/www.heilmannsoftware.com\/de\/wp-json\/wp\/v2\/users\/1"}],"replies":[{"embeddable":true,"href":"https:\/\/www.heilmannsoftware.com\/de\/wp-json\/wp\/v2\/comments?post=116"}],"version-history":[{"count":52,"href":"https:\/\/www.heilmannsoftware.com\/de\/wp-json\/wp\/v2\/pages\/116\/revisions"}],"predecessor-version":[{"id":583,"href":"https:\/\/www.heilmannsoftware.com\/de\/wp-json\/wp\/v2\/pages\/116\/revisions\/583"}],"wp:attachment":[{"href":"https:\/\/www.heilmannsoftware.com\/de\/wp-json\/wp\/v2\/media?parent=116"}],"curies":[{"name":"wp","href":"https:\/\/api.w.org\/{rel}","templated":true}]}}