{"id":121,"date":"2024-09-03T11:39:43","date_gmt":"2024-09-03T09:39:43","guid":{"rendered":"https:\/\/www.heilmannsoftware.com\/?page_id=121"},"modified":"2024-11-28T17:49:12","modified_gmt":"2024-11-28T16:49:12","slug":"datenschutz-datensicherheit","status":"publish","type":"page","link":"https:\/\/www.heilmannsoftware.com\/de\/datenschutz-datensicherheit\/","title":{"rendered":"Datenschutz &#038; Datensicherheit"},"content":{"rendered":"<div class=\"wpb-content-wrapper\"><p>[vc_row css=&#8220;.vc_custom_1732812503400{padding-top: 80px !important;}&#8220;][vc_column][vc_custom_heading text=&#8220;Datenschutz &amp; Datensicherheit&#8220; font_container=&#8220;tag:h1|text_align:left&#8220; use_theme_fonts=&#8220;yes&#8220; css=&#8220;&#8220;]<div class=\"ult-spacer spacer-69e2179a7260f\" data-id=\"69e2179a7260f\" data-height=\"50\" data-height-mobile=\"30\" data-height-tab=\"30\" data-height-tab-portrait=\"30\" data-height-mobile-landscape=\"30\" style=\"clear:both;display:block;\"><\/div>[vc_column_text css=&#8220;&#8220;]Der Schutz von Informationen und Daten vor unbefugtem Zugriff, Manipulation und Verlust ist von entscheidender Bedeutung. In einer Zeit, in der Cyberkriminalit\u00e4t und Datenschutzverletzungen allt\u00e4glich geworden sind, m\u00fcssen Unternehmen und Organisationen sicherstellen, dass ihre Informationen gesch\u00fctzt sind.<\/p>\n<p>Als Heilmann Software Gesellschaft f\u00fcr Informationstechnologie mbH haben wir uns diesem wichtigen Anliegen verschrieben. Mit \u00fcber 20 Jahren Erfahrung in der Entwicklung sicherer Systeme f\u00fcr die Verwaltung und Speicherung sensibler beh\u00f6rdlicher Daten wissen wir, welche hohen Anforderungen an Datenschutz und Datensicherheit gestellt werden.<\/p>\n<p>Wir haben von Anfang an branchenf\u00fchrende Sicherheitsstandards und -praktiken in die Entwicklung unserer Systeme integriert. Die Sicherheit Ihrer Daten liegt uns am Herzen, daher setzen wir auf eine sichere Cloud-Umgebung und verwenden modernste Sicherheitstechnologien, um Ihre Informationen zu sch\u00fctzen.<\/p>\n<p>Datenschutz und Datensicherheit sind f\u00fcr uns zentrale Schwerpunkte bei der Entwicklung unserer Produkte. Wir nehmen die Verantwortung ernst, die uns anvertrauten Informationen zu sch\u00fctzen und kontinuierlich in die Verbesserung unserer Sicherheitsma\u00dfnahmen zu investieren. Mit unseren L\u00f6sungen k\u00f6nnen Sie sicher sein, dass Ihre Daten gesch\u00fctzt sind und Sie sich auf eine vertrauensw\u00fcrdige und sichere Umgebung verlassen k\u00f6nnen.<\/p>\n<p>Vertrauen Sie auf unsere langj\u00e4hrige Expertise und unser Engagement f\u00fcr Informationssicherheit. Wir stehen Ihnen zur Seite, um Ihre wertvollen Informationen zu sch\u00fctzen und Ihnen die Gewissheit zu geben, dass Sie in einer digitalen Welt sicher agieren k\u00f6nnen.[\/vc_column_text][\/vc_column][\/vc_row][vc_row][vc_column]<div class=\"ult-spacer spacer-69e2179a72642\" data-id=\"69e2179a72642\" data-height=\"50\" data-height-mobile=\"30\" data-height-tab=\"30\" data-height-tab-portrait=\"30\" data-height-mobile-landscape=\"30\" style=\"clear:both;display:block;\"><\/div>[\/vc_column][\/vc_row][vc_row][vc_column width=&#8220;1\/2&#8243;][vc_custom_heading text=&#8220;Datenschutz bei Heilmann Software&#8220; use_theme_fonts=&#8220;yes&#8220; css=&#8220;&#8220;]<div class=\"ult-spacer spacer-69e2179a72660\" data-id=\"69e2179a72660\" data-height=\"30\" data-height-mobile=\"20\" data-height-tab=\"20\" data-height-tab-portrait=\"20\" data-height-mobile-landscape=\"20\" style=\"clear:both;display:block;\"><\/div>[vc_column_text css=&#8220;&#8220;]Wir bei Heilmann Software legen gro\u00dfen Wert auf den Schutz Ihrer Daten und die Einhaltung der geltenden Datenschutzgesetze. Als Kunde und Nutzer einer oder mehrerer digibase Apps behalten Sie zu jeder Zeit die Rechte an Ihren Daten.<\/p>\n<p>Um sicherzustellen, dass wir die gesetzlichen Bestimmungen zum Datenschutz und zur Datensicherheit gem\u00e4\u00df der Datenschutz-Grundverordnung (DSGVO) einhalten, ist eine Vereinbarung zwischen Ihnen als Auftraggeber und uns als Auftragnehmer erforderlich. Diese Vereinbarung regelt die Verarbeitung und den Schutz Ihrer Daten und ist gem\u00e4\u00df unseren Allgemeinen Gesch\u00e4ftsbedingungen (AGB) automatisch wirksam, sobald Sie uns mit einem Auftrag beauftragen und wir diesen annehmen.<\/p>\n<p>Durch diese Vereinbarung stellen wir sicher, dass Ihre Daten vertraulich behandelt werden und nur f\u00fcr die vereinbarten Zwecke verwendet werden. Wir treffen angemessene technische und organisatorische Ma\u00dfnahmen, um die Sicherheit Ihrer Daten zu gew\u00e4hrleisten und unbefugten Zugriff, Verlust oder Manipulation zu verhindern.[\/vc_column_text][\/vc_column][vc_column width=&#8220;1\/2&#8243;][vc_custom_heading text=&#8220;Datenschutzbeauftragter&#8220; use_theme_fonts=&#8220;yes&#8220; css=&#8220;&#8220;]<div class=\"ult-spacer spacer-69e2179a72678\" data-id=\"69e2179a72678\" data-height=\"30\" data-height-mobile=\"20\" data-height-tab=\"20\" data-height-tab-portrait=\"20\" data-height-mobile-landscape=\"20\" style=\"clear:both;display:block;\"><\/div>[vc_column_text css=&#8220;&#8220;]<\/p>\n<div class=\"wpb_text_column wpb_content_element\">\n<div class=\"wpb_wrapper\">\n<div>\n<p>Unser Datenschutzbeauftragter Andr\u00e9 Fripon beantwortet gerne alle Fragen zum Thema Datenschutz und Datensicherheit.<\/p>\n<\/div>\n<\/div>\n<\/div>\n<div class=\"wpb_text_column wpb_content_element\">\n<div class=\"wpb_wrapper\">\n<p><strong>Andr\u00e9 Fripon<\/strong><br \/>\nK\u00f6nigstr. 31<br \/>\n70173 Stuttgart<br \/>\nTelefon: 0711 213 93 500<br \/>\nE-Mail:\u00a0<a href=\"https:\/\/mail.google.com\/mail\/?view=cm&amp;fs=1&amp;tf=1&amp;to=datenschutz@heilmannsoftware.de\" target=\"_blank\" rel=\"noopener\">datenschutz@heilmannsoftware.de<\/a><\/p>\n<\/div>\n<\/div>\n<p>[\/vc_column_text]<div class=\"ult-spacer spacer-69e2179a7268e\" data-id=\"69e2179a7268e\" data-height=\"30\" data-height-mobile=\"20\" data-height-tab=\"20\" data-height-tab-portrait=\"20\" data-height-mobile-landscape=\"20\" style=\"clear:both;display:block;\"><\/div>[vc_single_image image=&#8220;129&#8243; img_size=&#8220;medium&#8220; css=&#8220;&#8220;][\/vc_column][\/vc_row][vc_row][vc_column]<div class=\"ult-spacer spacer-69e2179a726a7\" data-id=\"69e2179a726a7\" data-height=\"50\" data-height-mobile=\"30\" data-height-tab=\"30\" data-height-tab-portrait=\"30\" data-height-mobile-landscape=\"30\" style=\"clear:both;display:block;\"><\/div>[\/vc_column][\/vc_row][vc_row][vc_column width=&#8220;1\/2&#8243;][vc_custom_heading text=&#8220;Datensicherheit bei Heilmann Software&#8220; use_theme_fonts=&#8220;yes&#8220; css=&#8220;&#8220;]<div class=\"ult-spacer spacer-69e2179a726bc\" data-id=\"69e2179a726bc\" data-height=\"30\" data-height-mobile=\"20\" data-height-tab=\"20\" data-height-tab-portrait=\"20\" data-height-mobile-landscape=\"20\" style=\"clear:both;display:block;\"><\/div>[vc_column_text css=&#8220;&#8220;]Bislang haben wir uns \u00fcber einen mehrj\u00e4hrigen Zeitraum vom T\u00dcV S\u00fcd gem\u00e4\u00df ISO 27001 und ISO 9001 zertifizieren und auditieren lassen. Die Vorgaben der Richtlinie DIN ISO 27001 (Informationssicherheit) haben wir mittlerweile in unserer Organisationsstruktur grundlegend verankert. Doch diese Zertifizierung kann von allen Unternehmen gemacht werden \u2013 auch vom B\u00e4cker, Autowerkstatt oder Friseur. Das war uns als Profis in Sachen IT und Informationssicherheit zu unpr\u00e4zise. Deshalb verzichten wir mittlerweile auf die Zertifizierung und haben daf\u00fcr unsere eigenen Ma\u00dfnahmen entwickelt:[\/vc_column_text][\/vc_column][vc_column width=&#8220;1\/2&#8243;]<div class=\"smile_icon_list_wrap ult_info_list_container ult-adjust-bottom-margin  \"><ul class=\"smile_icon_list left square with_bg\"><li class=\"icon_list_item\" style=\" font-size:72px;\"><div class=\"icon_list_icon\" data-animation=\"\" data-animation-delay=\"03\" style=\"font-size:24px;border-width:1px;border-style:none;background:__USE_THEME_MAIN_COLOR__;color:#ffffff;border-color:#333333;\"><i class=\"Defaults-check\" ><\/i><\/div><div class=\"icon_description\" id=\"Info-list-wrap-8575\" style=\"font-size:24px;\"><div class=\"icon_description_text ult-responsive\"  data-ultimate-target='#Info-list-wrap-8575 .icon_description_text'  data-responsive-json-new='{\"font-size\":\"desktop:22px;\",\"line-height\":\"desktop:18px;\"}'  style=\"\"><p>Durchf\u00fchrung regelm\u00e4\u00dfiger interner Sicherheitsaudits, die sich an den Anforderungen der ISO 27001 orientieren, um die \u00dcbereinstimmung unserer Sicherheitspraktiken mit den Branchenstandards zu gew\u00e4hrleisten.<\/p>\n<\/div><\/div><div class=\"icon_list_connector\"  style=\"border-right-width: 1px;border-right-style: dashed;border-color: #333333;\"><\/div><\/li><li class=\"icon_list_item\" style=\" font-size:72px;\"><div class=\"icon_list_icon\" data-animation=\"\" data-animation-delay=\"03\" style=\"font-size:24px;border-width:1px;border-style:none;background:__USE_THEME_MAIN_COLOR__;color:#ffffff;border-color:#333333;\"><i class=\"Defaults-check\" ><\/i><\/div><div class=\"icon_description\" id=\"Info-list-wrap-1645\" style=\"font-size:24px;\"><div class=\"icon_description_text ult-responsive\"  data-ultimate-target='#Info-list-wrap-1645 .icon_description_text'  data-responsive-json-new='{\"font-size\":\"desktop:22px;\",\"line-height\":\"desktop:18px;\"}'  style=\"\"><p>Nutzung von Sicherheitsfunktionen wie Firewalls, Intrusion Detection und Prevention Systemen (IDPS) und regelm\u00e4\u00dfigen Schwachstellenbewertungen, um potenzielle Bedrohungen zu erkennen und abzuwehren<\/p>\n<\/div><\/div><div class=\"icon_list_connector\"  style=\"border-right-width: 1px;border-right-style: dashed;border-color: #333333;\"><\/div><\/li><li class=\"icon_list_item\" style=\" font-size:72px;\"><div class=\"icon_list_icon\" data-animation=\"\" data-animation-delay=\"03\" style=\"font-size:24px;border-width:1px;border-style:none;background:__USE_THEME_MAIN_COLOR__;color:#ffffff;border-color:#333333;\"><i class=\"Defaults-check\" ><\/i><\/div><div class=\"icon_description\" id=\"Info-list-wrap-1311\" style=\"font-size:24px;\"><div class=\"icon_description_text ult-responsive\"  data-ultimate-target='#Info-list-wrap-1311 .icon_description_text'  data-responsive-json-new='{\"font-size\":\"desktop:22px;\",\"line-height\":\"desktop:18px;\"}'  style=\"\"><p>Implementierung einer robusten Datensicherungsstrategie, einschlie\u00dflich regelm\u00e4\u00dfiger Backups, um im Falle eines Datenverlusts oder -diebstahls eine schnelle Wiederherstellung zu erm\u00f6glichen.<\/p>\n<\/div><\/div><div class=\"icon_list_connector\"  style=\"border-right-width: 1px;border-right-style: dashed;border-color: #333333;\"><\/div><\/li><li class=\"icon_list_item\" style=\" font-size:72px;\"><div class=\"icon_list_icon\" data-animation=\"\" data-animation-delay=\"03\" style=\"font-size:24px;border-width:1px;border-style:none;background:__USE_THEME_MAIN_COLOR__;color:#ffffff;border-color:#333333;\"><i class=\"Defaults-check\" ><\/i><\/div><div class=\"icon_description\" id=\"Info-list-wrap-7142\" style=\"font-size:24px;\"><div class=\"icon_description_text ult-responsive\"  data-ultimate-target='#Info-list-wrap-7142 .icon_description_text'  data-responsive-json-new='{\"font-size\":\"desktop:22px;\",\"line-height\":\"desktop:18px;\"}'  style=\"\"><p>Bereitstellung eines Business Continuity-Plans, der die Wiederherstellung unserer Dienste im Falle eines Notfalls oder einer Katastrophe sicherstellt.<\/p>\n<\/div><\/div><div class=\"icon_list_connector\"  style=\"border-right-width: 1px;border-right-style: dashed;border-color: #333333;\"><\/div><\/li><li class=\"icon_list_item\" style=\" font-size:72px;\"><div class=\"icon_list_icon\" data-animation=\"\" data-animation-delay=\"03\" style=\"font-size:24px;border-width:1px;border-style:none;background:__USE_THEME_MAIN_COLOR__;color:#ffffff;border-color:#333333;\"><i class=\"Defaults-check\" ><\/i><\/div><div class=\"icon_description\" id=\"Info-list-wrap-6733\" style=\"font-size:24px;\"><div class=\"icon_description_text ult-responsive\"  data-ultimate-target='#Info-list-wrap-6733 .icon_description_text'  data-responsive-json-new='{\"font-size\":\"desktop:22px;\",\"line-height\":\"desktop:18px;\"}'  style=\"\"><p>Cloudsicherheit: AWS Rechenzentrum mit Server-Standort Deutschland, zertifiziert nach BSI C5, ISO\/IEC 27001:2013 und CSA STAR CCM v3.0.1<\/p>\n<\/div><\/div><div class=\"icon_list_connector\"  style=\"border-right-width: 1px;border-right-style: dashed;border-color: #333333;\"><\/div><\/li><\/ul><\/div>[\/vc_column][\/vc_row][vc_row][vc_column]<div class=\"ult-spacer spacer-69e2179a72891\" data-id=\"69e2179a72891\" data-height=\"50\" data-height-mobile=\"30\" data-height-tab=\"30\" data-height-tab-portrait=\"30\" data-height-mobile-landscape=\"30\" style=\"clear:both;display:block;\"><\/div>[\/vc_column][\/vc_row]<\/p>\n<\/div>","protected":false},"excerpt":{"rendered":"<p>[vc_row css=&#8220;.vc_custom_1732812503400{padding-top: 80px !important;}&#8220;][vc_column][vc_custom_heading text=&#8220;Datenschutz &amp; Datensicherheit&#8220; font_container=&#8220;tag:h1|text_align:left&#8220; use_theme_fonts=&#8220;yes&#8220; css=&#8220;&#8220;][vc_column_text css=&#8220;&#8220;]Der Schutz von Informationen und Daten vor unbefugtem Zugriff, Manipulation und Verlust ist von entscheidender Bedeutung. In einer Zeit, in der Cyberkriminalit\u00e4t und Datenschutzverletzungen allt\u00e4glich geworden sind, m\u00fcssen Unternehmen und Organisationen sicherstellen, dass ihre Informationen gesch\u00fctzt sind. Als Heilmann Software Gesellschaft f\u00fcr Informationstechnologie mbH haben [&hellip;]<\/p>\n","protected":false},"author":1,"featured_media":0,"parent":0,"menu_order":0,"comment_status":"closed","ping_status":"closed","template":"page.php","meta":{"footnotes":""},"class_list":["post-121","page","type-page","status-publish","hentry"],"_links":{"self":[{"href":"https:\/\/www.heilmannsoftware.com\/de\/wp-json\/wp\/v2\/pages\/121","targetHints":{"allow":["GET"]}}],"collection":[{"href":"https:\/\/www.heilmannsoftware.com\/de\/wp-json\/wp\/v2\/pages"}],"about":[{"href":"https:\/\/www.heilmannsoftware.com\/de\/wp-json\/wp\/v2\/types\/page"}],"author":[{"embeddable":true,"href":"https:\/\/www.heilmannsoftware.com\/de\/wp-json\/wp\/v2\/users\/1"}],"replies":[{"embeddable":true,"href":"https:\/\/www.heilmannsoftware.com\/de\/wp-json\/wp\/v2\/comments?post=121"}],"version-history":[{"count":17,"href":"https:\/\/www.heilmannsoftware.com\/de\/wp-json\/wp\/v2\/pages\/121\/revisions"}],"predecessor-version":[{"id":472,"href":"https:\/\/www.heilmannsoftware.com\/de\/wp-json\/wp\/v2\/pages\/121\/revisions\/472"}],"wp:attachment":[{"href":"https:\/\/www.heilmannsoftware.com\/de\/wp-json\/wp\/v2\/media?parent=121"}],"curies":[{"name":"wp","href":"https:\/\/api.w.org\/{rel}","templated":true}]}}