{"id":163,"date":"2024-09-03T13:00:53","date_gmt":"2024-09-03T11:00:53","guid":{"rendered":"https:\/\/www.heilmannsoftware.com\/?page_id=163"},"modified":"2024-11-28T17:52:16","modified_gmt":"2024-11-28T16:52:16","slug":"arbeitsweise","status":"publish","type":"page","link":"https:\/\/www.heilmannsoftware.com\/de\/about\/arbeitsweise\/","title":{"rendered":"Arbeitsweise"},"content":{"rendered":"<div class=\"wpb-content-wrapper\"><p>[vc_row css=&#8220;.vc_custom_1732812686835{padding-top: 80px !important;}&#8220;][vc_column width=&#8220;2\/3&#8243;][vc_custom_heading text=&#8220;Unsere Arbeitsweise&#8220; font_container=&#8220;tag:h1|text_align:left&#8220; use_theme_fonts=&#8220;yes&#8220; css=&#8220;&#8220;]<div class=\"ult-spacer spacer-69dec83b0a61c\" data-id=\"69dec83b0a61c\" data-height=\"30\" data-height-mobile=\"30\" data-height-tab=\"30\" data-height-tab-portrait=\"30\" data-height-mobile-landscape=\"30\" style=\"clear:both;display:block;\"><\/div>[vc_custom_heading text=&#8220;Arbeiten auf einer Wellenl\u00e4nge \u2013 Mitgestaltung und Eigenverantwortung&#8220; use_theme_fonts=&#8220;yes&#8220; css=&#8220;&#8220;][vc_column_text css=&#8220;&#8220;]Bei uns ist Mitgestaltung der Grundstein unseres Erfolgs. Jedes Teammitglied bringt sich eigenverantwortlich mit seinen individuellen St\u00e4rken und seiner pers\u00f6nlichen Initiative ein. Neue Ideen entstehen im Austausch und wachsen durch echte Zusammenarbeit. In unserer Struktur begegnen sich alle auf Augenh\u00f6he \u2013 das schafft ein vertrauensvolles und kollegiales Arbeitsklima, das von gegenseitigem Respekt und Wertsch\u00e4tzung gepr\u00e4gt ist. In diesem Umfeld, das pers\u00f6nliches Wachstum und ein hohes Ma\u00df an Eigenverantwortung unterst\u00fctzt, l\u00e4sst es sich nicht nur produktiv, sondern auch mit Freude arbeiten.[\/vc_column_text][\/vc_column][vc_column width=&#8220;1\/3&#8243;][\/vc_column][\/vc_row][vc_row][vc_column width=&#8220;1\/12&#8243;][\/vc_column][vc_column width=&#8220;2\/3&#8243;]<div class=\"ult-spacer spacer-69dec83b0a64d\" data-id=\"69dec83b0a64d\" data-height=\"80\" data-height-mobile=\"30\" data-height-tab=\"30\" data-height-tab-portrait=\"30\" data-height-mobile-landscape=\"30\" style=\"clear:both;display:block;\"><\/div>[vc_custom_heading text=&#8220;Gamechanger-Technologien als Anspruch&#8220; use_theme_fonts=&#8220;yes&#8220; css=&#8220;&#8220;][vc_column_text css=&#8220;&#8220;]Unser Ziel ist es, echte Gamechanger-Apps zu entwickeln \u2013 das hei\u00dft, wir legen die Messlatte besonders hoch. Statt vorhandene Produkte leicht zu verbessern, entwickeln wir Apps im Sinne der Blue-Ocean-Strategie, die neue Ma\u00dfst\u00e4be setzen und ganze M\u00e4rkte revolutionieren. Eine kleine Anekdote zeigt, wie flexibel und leistungsf\u00e4hig unsere Produkte sind: Ein Kunde nutzt eine unserer Apps sogar in seinem Tesla \u2013 so hat er selbst im Auto alle anstehenden Termine im Blick. Solche Entwicklungen motivieren uns, weil sie echte Mehrwerte schaffen und uns herausfordern, den Markt immer wieder neu zu gestalten.[\/vc_column_text][\/vc_column][\/vc_row][vc_row][vc_column width=&#8220;1\/6&#8243;][\/vc_column][vc_column width=&#8220;2\/3&#8243;]<div class=\"ult-spacer spacer-69dec83b0a692\" data-id=\"69dec83b0a692\" data-height=\"80\" data-height-mobile=\"30\" data-height-tab=\"30\" data-height-tab-portrait=\"30\" data-height-mobile-landscape=\"30\" style=\"clear:both;display:block;\"><\/div>[vc_custom_heading text=&#8220;Entwickeln mit Haskell \u2013 Fortschritt durch klare Struktur&#8220; use_theme_fonts=&#8220;yes&#8220; css=&#8220;&#8220;][vc_column_text css=&#8220;&#8220;]Unsere Entwicklungsarbeit basiert auf der Programmiersprache Haskell, die es uns erm\u00f6glicht, klar strukturierte und robuste Anwendungen zu schaffen. Die Sicherheit und Zuverl\u00e4ssigkeit, die Haskell bietet, passen perfekt zu unserer Philosophie der modellgetriebenen Entwicklung. Unser Prozess startet mit klar strukturierten Gedankenmodellen, die wir dann in effiziente Datenstrukturen und Benutzeroberfl\u00e4chen \u00fcberf\u00fchren. Unsere Entwickler arbeiten selbstorganisiert und finden im t\u00e4glichen Coding-Prozess nicht nur L\u00f6sungen, sondern entwickeln sich st\u00e4ndig weiter. F\u00fcr uns ist Softwareentwicklung kein starrer Ablauf, sondern eher das Schreiben eines Romans \u2013 stetig optimiert, kreativ und dabei immer auf den Punkt gebracht.[\/vc_column_text][\/vc_column][\/vc_row][vc_row][vc_column width=&#8220;1\/12&#8243;][\/vc_column][vc_column width=&#8220;2\/3&#8243;]<div class=\"ult-spacer spacer-69dec83b0a6a9\" data-id=\"69dec83b0a6a9\" data-height=\"80\" data-height-mobile=\"30\" data-height-tab=\"30\" data-height-tab-portrait=\"30\" data-height-mobile-landscape=\"30\" style=\"clear:both;display:block;\"><\/div>[vc_custom_heading text=&#8220;Forschung f\u00fcr die Zukunft \u2013 Mit starken Partnern zur digitalen Energiewende&#8220; use_theme_fonts=&#8220;yes&#8220; css=&#8220;&#8220;][vc_column_text css=&#8220;&#8220;]Unsere Forschungsprojekte bilden das Fundament f\u00fcr zukunftsweisende L\u00f6sungen im Geb\u00e4udesektor. Gemeinsam mit Partnern wie dem Fraunhofer-Institut f\u00fcr Bauphysik entwickeln wir digitale Ans\u00e4tze und Innovationen f\u00fcr die Energiewende. Diese Projekte fokussieren sich auf zwei wesentliche Bereiche: die Digitalisierung und die Energieeffizienz in der Geb\u00e4udeinfrastruktur. Unsere Forschungsergebnisse schaffen die Basis f\u00fcr ressourcenschonende Technologien und ebnen den Weg in eine energieeffiziente Zukunft.[\/vc_column_text][\/vc_column][\/vc_row][vc_row][vc_column width=&#8220;2\/3&#8243;]<div class=\"ult-spacer spacer-69dec83b0a6c1\" data-id=\"69dec83b0a6c1\" data-height=\"80\" data-height-mobile=\"30\" data-height-tab=\"30\" data-height-tab-portrait=\"30\" data-height-mobile-landscape=\"30\" style=\"clear:both;display:block;\"><\/div>[vc_custom_heading text=&#8220;Alle Ressourcen f\u00fcr unsere Vision \u2013 Fokussiert ohne Projektarbeit&#8220; use_theme_fonts=&#8220;yes&#8220; css=&#8220;&#8220;][vc_column_text css=&#8220;&#8220;]Wir setzen keine Projekte f\u00fcr andere um, sondern konzentrieren unsere Ressourcen auf die Entwicklung eigener Produkte. Das bedeutet, wir arbeiten nicht an kurzfristigen Zielen und wechseln nicht st\u00e4ndig Projekte, sondern verfolgen eine langfristige Vision: Millionen von Nutzern zu vernetzen und den Geb\u00e4udesektor zu digitalisieren. Unser Team entwickelt ausschlie\u00dflich Produkte, hinter denen wir voll und ganz stehen, und arbeitet f\u00fcr den Erfolg der gesamten Plattform \u2013 nicht f\u00fcr externe Auftraggeber. Diese Freiheit gibt uns die M\u00f6glichkeit, uns auf das zu konzentrieren, was uns wirklich begeistert.[\/vc_column_text][\/vc_column][\/vc_row]<\/p>\n<\/div>","protected":false},"excerpt":{"rendered":"<p>[vc_row css=&#8220;.vc_custom_1732812686835{padding-top: 80px !important;}&#8220;][vc_column width=&#8220;2\/3&#8243;][vc_custom_heading text=&#8220;Unsere Arbeitsweise&#8220; font_container=&#8220;tag:h1|text_align:left&#8220; use_theme_fonts=&#8220;yes&#8220; css=&#8220;&#8220;][vc_custom_heading text=&#8220;Arbeiten auf einer Wellenl\u00e4nge \u2013 Mitgestaltung und Eigenverantwortung&#8220; use_theme_fonts=&#8220;yes&#8220; css=&#8220;&#8220;][vc_column_text css=&#8220;&#8220;]Bei uns ist Mitgestaltung der Grundstein unseres Erfolgs. Jedes Teammitglied bringt sich eigenverantwortlich mit seinen individuellen St\u00e4rken und seiner pers\u00f6nlichen Initiative ein. Neue Ideen entstehen im Austausch und wachsen durch echte Zusammenarbeit. In unserer Struktur [&hellip;]<\/p>\n","protected":false},"author":1,"featured_media":0,"parent":43,"menu_order":0,"comment_status":"closed","ping_status":"closed","template":"page.php","meta":{"footnotes":""},"class_list":["post-163","page","type-page","status-publish","hentry"],"_links":{"self":[{"href":"https:\/\/www.heilmannsoftware.com\/de\/wp-json\/wp\/v2\/pages\/163","targetHints":{"allow":["GET"]}}],"collection":[{"href":"https:\/\/www.heilmannsoftware.com\/de\/wp-json\/wp\/v2\/pages"}],"about":[{"href":"https:\/\/www.heilmannsoftware.com\/de\/wp-json\/wp\/v2\/types\/page"}],"author":[{"embeddable":true,"href":"https:\/\/www.heilmannsoftware.com\/de\/wp-json\/wp\/v2\/users\/1"}],"replies":[{"embeddable":true,"href":"https:\/\/www.heilmannsoftware.com\/de\/wp-json\/wp\/v2\/comments?post=163"}],"version-history":[{"count":16,"href":"https:\/\/www.heilmannsoftware.com\/de\/wp-json\/wp\/v2\/pages\/163\/revisions"}],"predecessor-version":[{"id":479,"href":"https:\/\/www.heilmannsoftware.com\/de\/wp-json\/wp\/v2\/pages\/163\/revisions\/479"}],"up":[{"embeddable":true,"href":"https:\/\/www.heilmannsoftware.com\/de\/wp-json\/wp\/v2\/pages\/43"}],"wp:attachment":[{"href":"https:\/\/www.heilmannsoftware.com\/de\/wp-json\/wp\/v2\/media?parent=163"}],"curies":[{"name":"wp","href":"https:\/\/api.w.org\/{rel}","templated":true}]}}