{"id":165,"date":"2024-09-03T13:01:22","date_gmt":"2024-09-03T11:01:22","guid":{"rendered":"https:\/\/www.heilmannsoftware.com\/?page_id=165"},"modified":"2024-11-28T17:52:25","modified_gmt":"2024-11-28T16:52:25","slug":"erfahrung","status":"publish","type":"page","link":"https:\/\/www.heilmannsoftware.com\/de\/about\/erfahrung\/","title":{"rendered":"Erfahrung"},"content":{"rendered":"<div class=\"wpb-content-wrapper\"><p>[vc_row css=&#8220;.vc_custom_1732812695060{padding-top: 80px !important;}&#8220;][vc_column width=&#8220;2\/3&#8243;][vc_custom_heading text=&#8220;Unsere Entstehung&#8220; font_container=&#8220;tag:h1|text_align:left&#8220; use_theme_fonts=&#8220;yes&#8220; css=&#8220;&#8220;]<div class=\"ult-spacer spacer-6a04e1b1c070f\" data-id=\"6a04e1b1c070f\" data-height=\"30\" data-height-mobile=\"30\" data-height-tab=\"30\" data-height-tab-portrait=\"30\" data-height-mobile-landscape=\"30\" style=\"clear:both;display:block;\"><\/div>[vc_custom_heading text=&#8220;Tradition trifft Innovation&#8220; use_theme_fonts=&#8220;yes&#8220; css=&#8220;&#8220;][vc_column_text css=&#8220;&#8220;]<\/p>\n<p dir=\"auto\">Wir sind zwar Start-up-inspiriert, aber keineswegs jung \u2013 unsere Wurzeln reichen bis ins Jahr 1998 zur\u00fcck, als Andreas Heilmann das Unternehmen nahe Stuttgart gr\u00fcndete. Was als kleines Projekt begann, entwickelte sich durch technologisches Knowhow und viel Herzblut zu einem stabilen Unternehmen im Geb\u00e4udesektor. Schon fr\u00fch erkannten wir das Potenzial der Digitalisierung f\u00fcr die Verwaltung und energetische Bewertung von Geb\u00e4udedaten und machten es zu unserem Ziel, f\u00fcr diesen wachsenden Markt innovative Produkte zu schaffen.<\/p>\n<p dir=\"auto\">Heute stehen wir auf einem Fundament aus jahrzehntelanger Erfahrung, einem breiten Kundenstamm und starken Forschungskooperationen \u2013 unter anderem mit dem Fraunhofer-Institut f\u00fcr Bauphysik. Dieser Hintergrund erlaubt es uns, unkonventionelle Wege zu gehen und technologische Experimente umzusetzen, um im Geb\u00e4udesektor neue Standards zu schaffen.<\/p>\n<p dir=\"auto\">Ein weiterer Schwerpunkt unserer Arbeit liegt auf der sicheren Verwaltung sensibler Daten. Wir verf\u00fcgen \u00fcber umfassende Kompetenz, wenn es darum geht, L\u00f6sungen zu entwickeln, die beh\u00f6rdliche und kritische Daten zuverl\u00e4ssig speichern und sch\u00fctzen. Die Umsetzung und Erweiterung von Datenschutz und Datensicherheit stehen daher im Mittelpunkt unserer Produktentwicklung \u2013 stets gem\u00e4\u00df h\u00f6chsten Sicherheitsstandards und den Anforderungen unserer Kunden.<\/p>\n<p dir=\"auto\">Unser langfristiges Ziel ist es, die Digitalisierung von Kunden- und Gesch\u00e4ftsbeziehungen im Geb\u00e4udesektor voranzutreiben und so zur Energiewende beizutragen. Unabh\u00e4ngigkeit und Nachhaltigkeit sind dabei zentrale Werte f\u00fcr uns: Wir finanzieren uns vollst\u00e4ndig aus eigenen Mitteln und sind nicht auf externe Investoren angewiesen. So k\u00f6nnen wir uns voll darauf konzentrieren, nachhaltige Innovationen f\u00fcr den Geb\u00e4udesektor zu entwickeln.<\/p>\n<p>[\/vc_column_text][\/vc_column][vc_column width=&#8220;1\/3&#8243;][\/vc_column][\/vc_row]<\/p>\n<\/div>","protected":false},"excerpt":{"rendered":"<p>[vc_row css=&#8220;.vc_custom_1732812695060{padding-top: 80px !important;}&#8220;][vc_column width=&#8220;2\/3&#8243;][vc_custom_heading text=&#8220;Unsere Entstehung&#8220; font_container=&#8220;tag:h1|text_align:left&#8220; use_theme_fonts=&#8220;yes&#8220; css=&#8220;&#8220;][vc_custom_heading text=&#8220;Tradition trifft Innovation&#8220; use_theme_fonts=&#8220;yes&#8220; css=&#8220;&#8220;][vc_column_text css=&#8220;&#8220;] Wir sind zwar Start-up-inspiriert, aber keineswegs jung \u2013 unsere Wurzeln reichen bis ins Jahr 1998 zur\u00fcck, als Andreas Heilmann das Unternehmen nahe Stuttgart gr\u00fcndete. Was als kleines Projekt begann, entwickelte sich durch technologisches Knowhow und viel Herzblut zu einem [&hellip;]<\/p>\n","protected":false},"author":1,"featured_media":0,"parent":43,"menu_order":0,"comment_status":"closed","ping_status":"closed","template":"page.php","meta":{"footnotes":""},"class_list":["post-165","page","type-page","status-publish","hentry"],"_links":{"self":[{"href":"https:\/\/www.heilmannsoftware.com\/de\/wp-json\/wp\/v2\/pages\/165","targetHints":{"allow":["GET"]}}],"collection":[{"href":"https:\/\/www.heilmannsoftware.com\/de\/wp-json\/wp\/v2\/pages"}],"about":[{"href":"https:\/\/www.heilmannsoftware.com\/de\/wp-json\/wp\/v2\/types\/page"}],"author":[{"embeddable":true,"href":"https:\/\/www.heilmannsoftware.com\/de\/wp-json\/wp\/v2\/users\/1"}],"replies":[{"embeddable":true,"href":"https:\/\/www.heilmannsoftware.com\/de\/wp-json\/wp\/v2\/comments?post=165"}],"version-history":[{"count":7,"href":"https:\/\/www.heilmannsoftware.com\/de\/wp-json\/wp\/v2\/pages\/165\/revisions"}],"predecessor-version":[{"id":480,"href":"https:\/\/www.heilmannsoftware.com\/de\/wp-json\/wp\/v2\/pages\/165\/revisions\/480"}],"up":[{"embeddable":true,"href":"https:\/\/www.heilmannsoftware.com\/de\/wp-json\/wp\/v2\/pages\/43"}],"wp:attachment":[{"href":"https:\/\/www.heilmannsoftware.com\/de\/wp-json\/wp\/v2\/media?parent=165"}],"curies":[{"name":"wp","href":"https:\/\/api.w.org\/{rel}","templated":true}]}}