{"id":167,"date":"2024-09-03T13:01:47","date_gmt":"2024-09-03T11:01:47","guid":{"rendered":"https:\/\/www.heilmannsoftware.com\/?page_id=167"},"modified":"2024-11-28T17:52:34","modified_gmt":"2024-11-28T16:52:34","slug":"weiterentwicklung","status":"publish","type":"page","link":"https:\/\/www.heilmannsoftware.com\/de\/about\/weiterentwicklung\/","title":{"rendered":"Weiterentwicklumg"},"content":{"rendered":"<div class=\"wpb-content-wrapper\"><p>[vc_row css=&#8220;.vc_custom_1732812704029{padding-top: 80px !important;}&#8220;][vc_column width=&#8220;2\/3&#8243;][vc_custom_heading text=&#8220;Unser Weg zur kontinuierlichen Verbesserung&#8220; font_container=&#8220;tag:h1|text_align:left&#8220; use_theme_fonts=&#8220;yes&#8220; css=&#8220;&#8220;][vc_column_text css=&#8220;&#8220;]Wir verbinden die Dynamik und Innovationsfreude eines Start-ups mit der Professionalit\u00e4t eines etablierten Technologieunternehmens. Unsere Wurzeln in der Selbstorganisation sind inspiriert von dem Buch <a href=\"https:\/\/www.reinventingorganizations.com\/\" target=\"_blank\" rel=\"noopener\">Reinventing Organizations<\/a> und pr\u00e4gen unsere Arbeitsweise.[\/vc_column_text][\/vc_column][vc_column width=&#8220;1\/3&#8243;][\/vc_column][\/vc_row][vc_row][vc_column width=&#8220;2\/3&#8243;]<div class=\"ult-spacer spacer-69decb0bd2f7b\" data-id=\"69decb0bd2f7b\" data-height=\"80\" data-height-mobile=\"30\" data-height-tab=\"30\" data-height-tab-portrait=\"30\" data-height-mobile-landscape=\"30\" style=\"clear:both;display:block;\"><\/div>[vc_custom_heading text=&#8220;Entfaltungsm\u00f6glichkeiten f\u00fcr unsere Mitarbeiter&#8220; use_theme_fonts=&#8220;yes&#8220; css=&#8220;&#8220;][vc_column_text css=&#8220;&#8220;]Bei uns steht die kontinuierliche Weiterentwicklung jedes Team-Mitglieds im Mittelpunkt. Wir bieten vielf\u00e4ltige Karrierewege, die nicht nur auf spezifische Fachrichtungen zugeschnitten sind, sondern auch die M\u00f6glichkeit bieten, in verschiedenen Bereichen zu wachsen. Ein Beispiel hierf\u00fcr sind unsere IT-Positionen, in denen wir Rollen wie IT-Prozessberatung, IT-Support und IT-Produktmanagement anbieten.[\/vc_column_text][vc_column_text css=&#8220;&#8220;]In diesen Rollen erwarten wir, dass jedes Team-Mitglied flexibel agiert und auch Elemente der anderen Positionen \u00fcbernimmt. So kann ein IT-Prozessberater beispielsweise auch im Support t\u00e4tig sein und umgekehrt. Dieser integrative Ansatz ist nicht auf die IT-Abteilung beschr\u00e4nkt, sondern gilt f\u00fcr alle Bereiche unseres Unternehmens. Durch diese Struktur schaffen wir zahlreiche Optionen zur pers\u00f6nlichen und fachlichen Weiterentwicklung f\u00fcr jede und jeden, unabh\u00e4ngig vom Einsatzbereich.[\/vc_column_text]<div class=\"ult-spacer spacer-69decb0bd2fab\" data-id=\"69decb0bd2fab\" data-height=\"80\" data-height-mobile=\"30\" data-height-tab=\"30\" data-height-tab-portrait=\"30\" data-height-mobile-landscape=\"30\" style=\"clear:both;display:block;\"><\/div>[\/vc_column][\/vc_row]<\/p>\n<\/div>","protected":false},"excerpt":{"rendered":"<p>[vc_row css=&#8220;.vc_custom_1732812704029{padding-top: 80px !important;}&#8220;][vc_column width=&#8220;2\/3&#8243;][vc_custom_heading text=&#8220;Unser Weg zur kontinuierlichen Verbesserung&#8220; font_container=&#8220;tag:h1|text_align:left&#8220; use_theme_fonts=&#8220;yes&#8220; css=&#8220;&#8220;][vc_column_text css=&#8220;&#8220;]Wir verbinden die Dynamik und Innovationsfreude eines Start-ups mit der Professionalit\u00e4t eines etablierten Technologieunternehmens. Unsere Wurzeln in der Selbstorganisation sind inspiriert von dem Buch Reinventing Organizations und pr\u00e4gen unsere Arbeitsweise.[\/vc_column_text][\/vc_column][vc_column width=&#8220;1\/3&#8243;][\/vc_column][\/vc_row][vc_row][vc_column width=&#8220;2\/3&#8243;][vc_custom_heading text=&#8220;Entfaltungsm\u00f6glichkeiten f\u00fcr unsere Mitarbeiter&#8220; use_theme_fonts=&#8220;yes&#8220; css=&#8220;&#8220;][vc_column_text css=&#8220;&#8220;]Bei uns steht die [&hellip;]<\/p>\n","protected":false},"author":1,"featured_media":0,"parent":43,"menu_order":0,"comment_status":"closed","ping_status":"closed","template":"page.php","meta":{"footnotes":""},"class_list":["post-167","page","type-page","status-publish","hentry"],"_links":{"self":[{"href":"https:\/\/www.heilmannsoftware.com\/de\/wp-json\/wp\/v2\/pages\/167","targetHints":{"allow":["GET"]}}],"collection":[{"href":"https:\/\/www.heilmannsoftware.com\/de\/wp-json\/wp\/v2\/pages"}],"about":[{"href":"https:\/\/www.heilmannsoftware.com\/de\/wp-json\/wp\/v2\/types\/page"}],"author":[{"embeddable":true,"href":"https:\/\/www.heilmannsoftware.com\/de\/wp-json\/wp\/v2\/users\/1"}],"replies":[{"embeddable":true,"href":"https:\/\/www.heilmannsoftware.com\/de\/wp-json\/wp\/v2\/comments?post=167"}],"version-history":[{"count":8,"href":"https:\/\/www.heilmannsoftware.com\/de\/wp-json\/wp\/v2\/pages\/167\/revisions"}],"predecessor-version":[{"id":481,"href":"https:\/\/www.heilmannsoftware.com\/de\/wp-json\/wp\/v2\/pages\/167\/revisions\/481"}],"up":[{"embeddable":true,"href":"https:\/\/www.heilmannsoftware.com\/de\/wp-json\/wp\/v2\/pages\/43"}],"wp:attachment":[{"href":"https:\/\/www.heilmannsoftware.com\/de\/wp-json\/wp\/v2\/media?parent=167"}],"curies":[{"name":"wp","href":"https:\/\/api.w.org\/{rel}","templated":true}]}}